{"id":16,"date":"2025-02-24T21:36:21","date_gmt":"2025-02-24T21:36:21","guid":{"rendered":"https:\/\/generativeai.dk\/?page_id=16"},"modified":"2025-03-01T22:06:28","modified_gmt":"2025-03-01T22:06:28","slug":"forside","status":"publish","type":"page","link":"https:\/\/generativeai.dk\/","title":{"rendered":"Forside"},"content":{"rendered":"\n<p><\/p>\n\n\n<div class=\"aligncenter wp-block-site-logo\"><img loading=\"lazy\" decoding=\"async\" width=\"300\" height=\"66\" src=\"https:\/\/generativeai.dk\/wp-content\/uploads\/2025\/02\/GenerativAI_logo.png\" class=\"custom-logo\" alt=\"generativeai.dk\" srcset=\"https:\/\/generativeai.dk\/wp-content\/uploads\/2025\/02\/GenerativAI_logo.png 800w, https:\/\/generativeai.dk\/wp-content\/uploads\/2025\/02\/GenerativAI_logo-300x67.png 300w, https:\/\/generativeai.dk\/wp-content\/uploads\/2025\/02\/GenerativAI_logo-768x171.png 768w\" sizes=\"auto, (max-width: 300px) 100vw, 300px\" \/><\/div>\n\n\n<div class=\"wp-block-group alignfull has-global-padding is-layout-constrained wp-block-group-is-layout-constrained\" style=\"margin-top:0;margin-bottom:0;padding-top:var(--wp--preset--spacing--50);padding-bottom:var(--wp--preset--spacing--50)\">\n<div class=\"wp-block-columns alignwide is-style-default is-layout-flex wp-container-core-columns-is-layout-1 wp-block-columns-is-layout-flex\">\n<div class=\"wp-block-column is-vertically-aligned-center is-layout-flow wp-block-column-is-layout-flow\">\n<h2 class=\"wp-block-heading has-xx-large-font-size\">Generativ AI \u2013 Skab mere, hurtigere, smartere<\/h2>\n\n\n\n<p class=\"has-medium-font-size\">AI er ikke fremtiden \u2013 det er lige nu. Med generativ AI kan du skrive, designe, kode og skabe indhold hurtigere end nogensinde f\u00f8r. Men hvordan bruger du det effektivt uden at miste den menneskelige kreativitet?<\/p>\n\n\n\n<p class=\"has-medium-font-size\">Denne bog giver dig en hands-on introduktion til generativ AI \u2013 fra tekst og billeder til video og kode. L\u00e6r de bedste v\u00e6rkt\u00f8jer, smarte workflows og konkrete teknikker, der g\u00f8r dig i stand til at arbejde smartere, ikke h\u00e5rdere.<\/p>\n\n\n\n<p class=\"has-medium-font-size\">Uanset om du er kreativ, iv\u00e6rks\u00e6tter eller bare nysgerrig \u2013 nu er det tid til at tage AI med p\u00e5 holdet.<\/p>\n<\/div>\n\n\n\n<div class=\"wp-block-column is-vertically-aligned-center is-layout-flow wp-block-column-is-layout-flow\">\n<figure class=\"wp-block-image size-full\"><img loading=\"lazy\" decoding=\"async\" width=\"896\" height=\"1344\" src=\"https:\/\/generativeai.dk\/wp-content\/uploads\/2025\/03\/GenerativeAI.png\" alt=\"\" class=\"wp-image-32\" style=\"aspect-ratio:1;object-fit:contain\" srcset=\"https:\/\/generativeai.dk\/wp-content\/uploads\/2025\/03\/GenerativeAI.png 896w, https:\/\/generativeai.dk\/wp-content\/uploads\/2025\/03\/GenerativeAI-200x300.png 200w, https:\/\/generativeai.dk\/wp-content\/uploads\/2025\/03\/GenerativeAI-683x1024.png 683w, https:\/\/generativeai.dk\/wp-content\/uploads\/2025\/03\/GenerativeAI-768x1152.png 768w\" sizes=\"auto, (max-width: 896px) 100vw, 896px\" \/><\/figure>\n<\/div>\n<\/div>\n<\/div>\n\n\n\n<div class=\"wp-block-group alignfull has-global-padding is-layout-constrained wp-block-group-is-layout-constrained\" style=\"margin-top:0;margin-bottom:0\">\n<div class=\"wp-block-group alignwide is-layout-flow wp-container-core-group-is-layout-4 wp-block-group-is-layout-flow\" style=\"padding-top:var(--wp--preset--spacing--50);padding-bottom:var(--wp--preset--spacing--50)\">\n<h2 class=\"wp-block-heading has-x-large-font-size\">Sp\u00f8rgsm\u00e5l?<\/h2>\n\n\n\n<div class=\"wp-block-columns is-layout-flex wp-container-core-columns-is-layout-2 wp-block-columns-is-layout-flex\">\n<div class=\"wp-block-column is-layout-flow wp-block-column-is-layout-flow\">\n<div class=\"wp-block-group is-layout-flow wp-block-group-is-layout-flow\" style=\"border-top-color:var(--wp--preset--color--accent-6);border-top-width:1px;padding-top:var(--wp--preset--spacing--30);padding-bottom:var(--wp--preset--spacing--30)\">\n<h3 class=\"wp-block-heading\">S\u00e5 udfyld kontaktformularen her: <\/h3>\n\n\n\n<p><\/p>\n<\/div>\n<\/div>\n\n\n\n<div class=\"wp-block-column is-layout-flow wp-block-column-is-layout-flow\">\n<div class=\"wp-block-group is-layout-flow wp-block-group-is-layout-flow\" style=\"border-top-color:var(--wp--preset--color--accent-6);border-top-width:1px;padding-top:var(--wp--preset--spacing--30);padding-bottom:var(--wp--preset--spacing--30)\">\n<div class=\"wpcf7 no-js\" id=\"wpcf7-f14-o1\" lang=\"da-DK\" dir=\"ltr\" data-wpcf7-id=\"14\">\n<div class=\"screen-reader-response\"><p role=\"status\" aria-live=\"polite\" aria-atomic=\"true\"><\/p> <ul><\/ul><\/div>\n<form action=\"\/index.php?rest_route=%2Fwp%2Fv2%2Fpages%2F16#wpcf7-f14-o1\" method=\"post\" class=\"wpcf7-form init\" aria-label=\"Kontaktformular\" novalidate=\"novalidate\" data-status=\"init\">\n<div style=\"display: none;\">\n<input type=\"hidden\" name=\"_wpcf7\" value=\"14\" \/>\n<input type=\"hidden\" name=\"_wpcf7_version\" value=\"6.0.4\" \/>\n<input type=\"hidden\" name=\"_wpcf7_locale\" value=\"da_DK\" \/>\n<input type=\"hidden\" name=\"_wpcf7_unit_tag\" value=\"wpcf7-f14-o1\" \/>\n<input type=\"hidden\" name=\"_wpcf7_container_post\" value=\"0\" \/>\n<input type=\"hidden\" name=\"_wpcf7_posted_data_hash\" value=\"\" \/>\n<\/div>\n<p><label> Dit navn<br \/>\n<span class=\"wpcf7-form-control-wrap\" data-name=\"your-name\"><input size=\"40\" maxlength=\"400\" class=\"wpcf7-form-control wpcf7-text wpcf7-validates-as-required\" autocomplete=\"name\" aria-required=\"true\" aria-invalid=\"false\" value=\"\" type=\"text\" name=\"your-name\" \/><\/span> <\/label>\n<\/p>\n<p><label> Din e-mail<br \/>\n<span class=\"wpcf7-form-control-wrap\" data-name=\"your-email\"><input size=\"40\" maxlength=\"400\" class=\"wpcf7-form-control wpcf7-email wpcf7-validates-as-required wpcf7-text wpcf7-validates-as-email\" autocomplete=\"email\" aria-required=\"true\" aria-invalid=\"false\" value=\"\" type=\"email\" name=\"your-email\" \/><\/span> <\/label>\n<\/p>\n<p><label> Emne<br \/>\n<span class=\"wpcf7-form-control-wrap\" data-name=\"your-subject\"><input size=\"40\" maxlength=\"400\" class=\"wpcf7-form-control wpcf7-text wpcf7-validates-as-required\" aria-required=\"true\" aria-invalid=\"false\" value=\"\" type=\"text\" name=\"your-subject\" \/><\/span> <\/label>\n<\/p>\n<p><label> Din besked (valgfri)<br \/>\n<span class=\"wpcf7-form-control-wrap\" data-name=\"your-message\"><textarea cols=\"40\" rows=\"10\" maxlength=\"2000\" class=\"wpcf7-form-control wpcf7-textarea\" aria-invalid=\"false\" name=\"your-message\"><\/textarea><\/span> <\/label>\n<\/p>\n<p><input class=\"wpcf7-form-control wpcf7-submit has-spinner\" type=\"submit\" value=\"Send\" \/>\n<\/p><div class=\"wpcf7-response-output\" aria-hidden=\"true\"><\/div>\n<\/form>\n<\/div>\n\n<\/div>\n<\/div>\n<\/div>\n<\/div>\n<\/div>\n","protected":false},"excerpt":{"rendered":"<p>Generativ AI \u2013 Skab mere, hurtigere, smartere AI er ikke fremtiden \u2013 det er lige nu. Med generativ AI kan du skrive, designe, kode og skabe indhold hurtigere end nogensinde f\u00f8r. Men hvordan bruger du det effektivt uden at miste den menneskelige kreativitet? Denne bog giver dig en hands-on introduktion til generativ AI \u2013 fra [&hellip;]<\/p>\n","protected":false},"author":1,"featured_media":0,"parent":0,"menu_order":0,"comment_status":"closed","ping_status":"closed","template":"skab","meta":{"footnotes":""},"class_list":["post-16","page","type-page","status-publish","hentry"],"_links":{"self":[{"href":"https:\/\/generativeai.dk\/index.php?rest_route=\/wp\/v2\/pages\/16","targetHints":{"allow":["GET"]}}],"collection":[{"href":"https:\/\/generativeai.dk\/index.php?rest_route=\/wp\/v2\/pages"}],"about":[{"href":"https:\/\/generativeai.dk\/index.php?rest_route=\/wp\/v2\/types\/page"}],"author":[{"embeddable":true,"href":"https:\/\/generativeai.dk\/index.php?rest_route=\/wp\/v2\/users\/1"}],"replies":[{"embeddable":true,"href":"https:\/\/generativeai.dk\/index.php?rest_route=%2Fwp%2Fv2%2Fcomments&post=16"}],"version-history":[{"count":7,"href":"https:\/\/generativeai.dk\/index.php?rest_route=\/wp\/v2\/pages\/16\/revisions"}],"predecessor-version":[{"id":33,"href":"https:\/\/generativeai.dk\/index.php?rest_route=\/wp\/v2\/pages\/16\/revisions\/33"}],"wp:attachment":[{"href":"https:\/\/generativeai.dk\/index.php?rest_route=%2Fwp%2Fv2%2Fmedia&parent=16"}],"curies":[{"name":"wp","href":"https:\/\/api.w.org\/{rel}","templated":true}]}}